{"id":3713,"date":"2020-08-03T17:05:28","date_gmt":"2020-08-03T14:05:28","guid":{"rendered":"http:\/\/gunelhasir.net\/?page_id=3713"},"modified":"2021-08-09T13:37:51","modified_gmt":"2021-08-09T10:37:51","slug":"tekstil-hasiri-civileri","status":"publish","type":"page","link":"https:\/\/gunelhasir.net\/tr\/tekstil-hasiri-civileri\/","title":{"rendered":"Tekstil Has\u0131r\u0131 \u00c7ivileri"},"content":{"rendered":"<h3><strong>Tekstil Has\u0131r\u0131 \u00c7ivilerimiz<\/strong><\/h3>\n<p>Kendi \u00fcretimimiz olup Yo\u011fun Ar-Ge \u00e7al\u0131\u015fmalar\u0131 sonucunda ortaya \u00e7\u0131km\u0131\u015f mam\u00fcl\u00fcm\u00fczd\u00fcr.<\/p>\n<h3><a href=\"http:\/\/gunelhasir.net\/wp-content\/uploads\/2019\/09\/Screen-Shot-2019-06-15-at-14.33.30.png\"><img decoding=\"async\" loading=\"lazy\" class=\"alignnone size-full wp-image-3472\" src=\"http:\/\/gunelhasir.net\/wp-content\/uploads\/2019\/09\/Screen-Shot-2019-06-15-at-14.33.30.png\" alt=\"\" width=\"1091\" height=\"604\" srcset=\"https:\/\/gunelhasir.net\/wp-content\/uploads\/2019\/09\/Screen-Shot-2019-06-15-at-14.33.30.png 1091w, https:\/\/gunelhasir.net\/wp-content\/uploads\/2019\/09\/Screen-Shot-2019-06-15-at-14.33.30-300x166.png 300w, https:\/\/gunelhasir.net\/wp-content\/uploads\/2019\/09\/Screen-Shot-2019-06-15-at-14.33.30-768x425.png 768w, https:\/\/gunelhasir.net\/wp-content\/uploads\/2019\/09\/Screen-Shot-2019-06-15-at-14.33.30-1024x567.png 1024w\" sizes=\"(max-width: 1091px) 100vw, 1091px\" \/><\/a><\/h3>","protected":false},"excerpt":{"rendered":"<p>Tekstil Has\u0131r\u0131 \u00c7ivilerimiz Kendi \u00fcretimimiz olup Yo\u011fun Ar-Ge \u00e7al\u0131\u015fmalar\u0131 sonucunda ortaya \u00e7\u0131km\u0131\u015f mam\u00fcl\u00fcm\u00fczd\u00fcr.<\/p>\n","protected":false},"author":1,"featured_media":3619,"parent":0,"menu_order":0,"comment_status":"closed","ping_status":"closed","template":"templates\/page-fullwidth_template.php","meta":{"_joinchat":[]},"_links":{"self":[{"href":"https:\/\/gunelhasir.net\/tr\/wp-json\/wp\/v2\/pages\/3713"}],"collection":[{"href":"https:\/\/gunelhasir.net\/tr\/wp-json\/wp\/v2\/pages"}],"about":[{"href":"https:\/\/gunelhasir.net\/tr\/wp-json\/wp\/v2\/types\/page"}],"author":[{"embeddable":true,"href":"https:\/\/gunelhasir.net\/tr\/wp-json\/wp\/v2\/users\/1"}],"replies":[{"embeddable":true,"href":"https:\/\/gunelhasir.net\/tr\/wp-json\/wp\/v2\/comments?post=3713"}],"version-history":[{"count":9,"href":"https:\/\/gunelhasir.net\/tr\/wp-json\/wp\/v2\/pages\/3713\/revisions"}],"predecessor-version":[{"id":4171,"href":"https:\/\/gunelhasir.net\/tr\/wp-json\/wp\/v2\/pages\/3713\/revisions\/4171"}],"wp:featuredmedia":[{"embeddable":true,"href":"https:\/\/gunelhasir.net\/tr\/wp-json\/wp\/v2\/media\/3619"}],"wp:attachment":[{"href":"https:\/\/gunelhasir.net\/tr\/wp-json\/wp\/v2\/media?parent=3713"}],"curies":[{"name":"wp","href":"https:\/\/api.w.org\/{rel}","templated":true}]}}