{"id":3408,"date":"2019-07-02T21:43:05","date_gmt":"2019-07-02T18:43:05","guid":{"rendered":"http:\/\/gunelhasir.net\/?page_id=3408"},"modified":"2025-02-21T16:02:03","modified_gmt":"2025-02-21T13:02:03","slug":"pres-citali-balya-acici","status":"publish","type":"page","link":"https:\/\/gunelhasir.net\/tr\/pres-citali-balya-acici\/","title":{"rendered":"Pres \u00c7\u0131tal\u0131 Balya A\u00e7\u0131c\u0131"},"content":{"rendered":"<h3><strong><span style=\"color: #000000;\">Pres \u00c7\u0131tal\u0131 <\/span><\/strong><strong><span style=\"color: #000000;\">Balya A\u00e7\u0131c\u0131<\/span><\/strong><\/h3>\n<h3>\n<span style=\"color: #000000;\">Open &#8211; End tesislerinde balya a\u00e7\u0131c\u0131 olarak ve harman<\/span><br \/>\n<span style=\"color: #000000;\">haz\u0131rlama gruplar\u0131nda ambar has\u0131r\u0131 olarak kullan\u0131l\u0131r<\/span><a href=\"http:\/\/gunelhasir.net\/wp-content\/uploads\/2021\/05\/pRESCITALIBALYAACICI.jpg\"><img decoding=\"async\" loading=\"lazy\" class=\"alignnone wp-image-3892 size-full\" src=\"http:\/\/gunelhasir.net\/wp-content\/uploads\/2021\/05\/pRESCITALIBALYAACICI.jpg\" alt=\"\" width=\"1400\" height=\"700\" srcset=\"https:\/\/gunelhasir.net\/wp-content\/uploads\/2021\/05\/pRESCITALIBALYAACICI.jpg 1400w, https:\/\/gunelhasir.net\/wp-content\/uploads\/2021\/05\/pRESCITALIBALYAACICI-300x150.jpg 300w, https:\/\/gunelhasir.net\/wp-content\/uploads\/2021\/05\/pRESCITALIBALYAACICI-1024x512.jpg 1024w, https:\/\/gunelhasir.net\/wp-content\/uploads\/2021\/05\/pRESCITALIBALYAACICI-768x384.jpg 768w\" sizes=\"(max-width: 1400px) 100vw, 1400px\" \/><\/a><\/h3>","protected":false},"excerpt":{"rendered":"<p>Pres \u00c7\u0131tal\u0131 Balya A\u00e7\u0131c\u0131 Open &#8211; End tesislerinde balya a\u00e7\u0131c\u0131 olarak ve harman haz\u0131rlama gruplar\u0131nda ambar has\u0131r\u0131 olarak kullan\u0131l\u0131r<\/p>\n","protected":false},"author":1,"featured_media":0,"parent":0,"menu_order":0,"comment_status":"closed","ping_status":"closed","template":"templates\/page-fullwidth_template.php","meta":{"_joinchat":[]},"_links":{"self":[{"href":"https:\/\/gunelhasir.net\/tr\/wp-json\/wp\/v2\/pages\/3408"}],"collection":[{"href":"https:\/\/gunelhasir.net\/tr\/wp-json\/wp\/v2\/pages"}],"about":[{"href":"https:\/\/gunelhasir.net\/tr\/wp-json\/wp\/v2\/types\/page"}],"author":[{"embeddable":true,"href":"https:\/\/gunelhasir.net\/tr\/wp-json\/wp\/v2\/users\/1"}],"replies":[{"embeddable":true,"href":"https:\/\/gunelhasir.net\/tr\/wp-json\/wp\/v2\/comments?post=3408"}],"version-history":[{"count":12,"href":"https:\/\/gunelhasir.net\/tr\/wp-json\/wp\/v2\/pages\/3408\/revisions"}],"predecessor-version":[{"id":4366,"href":"https:\/\/gunelhasir.net\/tr\/wp-json\/wp\/v2\/pages\/3408\/revisions\/4366"}],"wp:attachment":[{"href":"https:\/\/gunelhasir.net\/tr\/wp-json\/wp\/v2\/media?parent=3408"}],"curies":[{"name":"wp","href":"https:\/\/api.w.org\/{rel}","templated":true}]}}