{"id":3406,"date":"2019-07-02T21:42:30","date_gmt":"2019-07-02T18:42:30","guid":{"rendered":"http:\/\/gunelhasir.net\/?page_id=3406"},"modified":"2021-08-09T13:31:57","modified_gmt":"2021-08-09T10:31:57","slug":"aluminyum-citali-fitilli-balya-acici-hasir-2","status":"publish","type":"page","link":"https:\/\/gunelhasir.net\/tr\/aluminyum-citali-fitilli-balya-acici-hasir-2\/","title":{"rendered":"Al\u00fcminyum \u00c7\u0131tal\u0131 Fitilli Balya A\u00e7\u0131c\u0131 Has\u0131r"},"content":{"rendered":"<h2><span style=\"color: #000000;\"> Al\u00fcminyum <\/span><span style=\"color: #000000;\">\u00c7\u0131tal\u0131 Fitilli<\/span><br \/>\n<span style=\"color: #000000;\">Balya A\u00e7\u0131c\u0131 Has\u0131r<\/span><\/h2>\n<h2>Tr\u00fctzschler, Reieter, Balkan marka makinalar\u0131n\u0131n balya a\u00e7\u0131c\u0131 has\u0131r\u0131 olarak ve \u00f6zel imalat s\u0131kma makinalar\u0131ndan \u00e7\u0131kan kek kal\u0131plar\u0131n\u0131 a\u00e7mak i\u00e7in<br \/>\nkullan\u0131l\u0131r.<\/h2>\n<h2><img decoding=\"async\" loading=\"lazy\" class=\"alignnone wp-image-3869 size-full\" src=\"http:\/\/gunelhasir.net\/wp-content\/uploads\/2021\/05\/a1010.jpg\" alt=\"aluminyum \u00e7\u0131tal\u0131 has\u0131r\" width=\"1440\" height=\"700\" srcset=\"https:\/\/gunelhasir.net\/wp-content\/uploads\/2021\/05\/a1010.jpg 1440w, https:\/\/gunelhasir.net\/wp-content\/uploads\/2021\/05\/a1010-300x146.jpg 300w, https:\/\/gunelhasir.net\/wp-content\/uploads\/2021\/05\/a1010-1024x498.jpg 1024w, https:\/\/gunelhasir.net\/wp-content\/uploads\/2021\/05\/a1010-768x373.jpg 768w\" sizes=\"(max-width: 1440px) 100vw, 1440px\" \/><\/h2>","protected":false},"excerpt":{"rendered":"<p>Al\u00fcminyum \u00c7\u0131tal\u0131 Fitilli Balya A\u00e7\u0131c\u0131 Has\u0131r Tr\u00fctzschler, Reieter, Balkan marka makinalar\u0131n\u0131n balya a\u00e7\u0131c\u0131 has\u0131r\u0131 olarak ve \u00f6zel imalat s\u0131kma makinalar\u0131ndan \u00e7\u0131kan kek kal\u0131plar\u0131n\u0131 a\u00e7mak i\u00e7in kullan\u0131l\u0131r.<\/p>\n","protected":false},"author":1,"featured_media":3619,"parent":0,"menu_order":0,"comment_status":"closed","ping_status":"closed","template":"templates\/page-fullwidth_template.php","meta":{"_joinchat":[]},"_links":{"self":[{"href":"https:\/\/gunelhasir.net\/tr\/wp-json\/wp\/v2\/pages\/3406"}],"collection":[{"href":"https:\/\/gunelhasir.net\/tr\/wp-json\/wp\/v2\/pages"}],"about":[{"href":"https:\/\/gunelhasir.net\/tr\/wp-json\/wp\/v2\/types\/page"}],"author":[{"embeddable":true,"href":"https:\/\/gunelhasir.net\/tr\/wp-json\/wp\/v2\/users\/1"}],"replies":[{"embeddable":true,"href":"https:\/\/gunelhasir.net\/tr\/wp-json\/wp\/v2\/comments?post=3406"}],"version-history":[{"count":19,"href":"https:\/\/gunelhasir.net\/tr\/wp-json\/wp\/v2\/pages\/3406\/revisions"}],"predecessor-version":[{"id":4164,"href":"https:\/\/gunelhasir.net\/tr\/wp-json\/wp\/v2\/pages\/3406\/revisions\/4164"}],"wp:featuredmedia":[{"embeddable":true,"href":"https:\/\/gunelhasir.net\/tr\/wp-json\/wp\/v2\/media\/3619"}],"wp:attachment":[{"href":"https:\/\/gunelhasir.net\/tr\/wp-json\/wp\/v2\/media?parent=3406"}],"curies":[{"name":"wp","href":"https:\/\/api.w.org\/{rel}","templated":true}]}}