{"id":3412,"date":"2019-07-02T21:44:57","date_gmt":"2019-07-02T18:44:57","guid":{"rendered":"http:\/\/gunelhasir.net\/?page_id=3412"},"modified":"2021-08-09T13:28:34","modified_gmt":"2021-08-09T10:28:34","slug":"yuksek-yogunluklu-poyamid-citali-ambar-hasiri","status":"publish","type":"page","link":"https:\/\/gunelhasir.net\/en\/yuksek-yogunluklu-poyamid-citali-ambar-hasiri\/","title":{"rendered":"Polyamide Warehouse Spiked Wicker"},"content":{"rendered":"<h3 id=\"tw-target-text\" class=\"tw-data-text tw-text-large XcVN5d tw-ta\" dir=\"ltr\" data-placeholder=\"\u00c7eviri\"><span class=\"Y2IQFc\" lang=\"en\">High Density With Polyamide Lath Warehouse Wire Mesh Box rooms needling facilities and wool washing It is used as warehouse mat in machines.<\/span><\/h3>\n<h3><a href=\"http:\/\/gunelhasir.net\/wp-content\/uploads\/2021\/05\/polyemidcitalip1060.jpg\"><img decoding=\"async\" loading=\"lazy\" class=\"alignnone wp-image-3881 size-full\" src=\"http:\/\/gunelhasir.net\/wp-content\/uploads\/2021\/05\/polyemidcitalip1060.jpg\" alt=\"polyemid \u00e7\u0131tal\u0131 ambar has\u0131r\u0131\" width=\"2355\" height=\"1291\" srcset=\"https:\/\/gunelhasir.net\/wp-content\/uploads\/2021\/05\/polyemidcitalip1060.jpg 2355w, https:\/\/gunelhasir.net\/wp-content\/uploads\/2021\/05\/polyemidcitalip1060-300x164.jpg 300w, https:\/\/gunelhasir.net\/wp-content\/uploads\/2021\/05\/polyemidcitalip1060-1024x561.jpg 1024w, https:\/\/gunelhasir.net\/wp-content\/uploads\/2021\/05\/polyemidcitalip1060-768x421.jpg 768w, https:\/\/gunelhasir.net\/wp-content\/uploads\/2021\/05\/polyemidcitalip1060-1536x842.jpg 1536w, https:\/\/gunelhasir.net\/wp-content\/uploads\/2021\/05\/polyemidcitalip1060-2048x1123.jpg 2048w\" sizes=\"(max-width: 2355px) 100vw, 2355px\" \/><\/a><\/h3>\n<h3><\/h3>\n<h3><strong>\u00a0<\/strong><\/h3>\n<h3 id=\"tw-target-text\" class=\"tw-data-text tw-text-large XcVN5d tw-ta\" dir=\"ltr\" data-placeholder=\"\u00c7eviri\"><span lang=\"en\" style=\"color: #000000;\">\u00a0<\/span><\/h3>\n<p>&nbsp;<\/p>\n<p>&nbsp;","protected":false},"excerpt":{"rendered":"<p>High Density With Polyamide Lath Warehouse Wire Mesh Box rooms needling facilities and wool washing It is used as warehouse mat in machines. \u00a0 \u00a0 &nbsp; &nbsp;<\/p>\n","protected":false},"author":1,"featured_media":3619,"parent":0,"menu_order":0,"comment_status":"closed","ping_status":"closed","template":"templates\/page-fullwidth_template.php","meta":{"_joinchat":[]},"_links":{"self":[{"href":"https:\/\/gunelhasir.net\/en\/wp-json\/wp\/v2\/pages\/3412"}],"collection":[{"href":"https:\/\/gunelhasir.net\/en\/wp-json\/wp\/v2\/pages"}],"about":[{"href":"https:\/\/gunelhasir.net\/en\/wp-json\/wp\/v2\/types\/page"}],"author":[{"embeddable":true,"href":"https:\/\/gunelhasir.net\/en\/wp-json\/wp\/v2\/users\/1"}],"replies":[{"embeddable":true,"href":"https:\/\/gunelhasir.net\/en\/wp-json\/wp\/v2\/comments?post=3412"}],"version-history":[{"count":24,"href":"https:\/\/gunelhasir.net\/en\/wp-json\/wp\/v2\/pages\/3412\/revisions"}],"predecessor-version":[{"id":4161,"href":"https:\/\/gunelhasir.net\/en\/wp-json\/wp\/v2\/pages\/3412\/revisions\/4161"}],"wp:featuredmedia":[{"embeddable":true,"href":"https:\/\/gunelhasir.net\/en\/wp-json\/wp\/v2\/media\/3619"}],"wp:attachment":[{"href":"https:\/\/gunelhasir.net\/en\/wp-json\/wp\/v2\/media?parent=3412"}],"curies":[{"name":"wp","href":"https:\/\/api.w.org\/{rel}","templated":true}]}}