{"id":3406,"date":"2019-07-02T21:42:30","date_gmt":"2019-07-02T18:42:30","guid":{"rendered":"http:\/\/gunelhasir.net\/?page_id=3406"},"modified":"2021-08-09T13:31:57","modified_gmt":"2021-08-09T10:31:57","slug":"aluminyum-citali-fitilli-balya-acici-hasir-2","status":"publish","type":"page","link":"https:\/\/gunelhasir.net\/en\/aluminyum-citali-fitilli-balya-acici-hasir-2\/","title":{"rendered":"Aluminium Bale Opener Wicker"},"content":{"rendered":"<h3 id=\"tw-target-text\" class=\"tw-data-text tw-text-large XcVN5d tw-ta\" dir=\"ltr\" data-placeholder=\"\u00c7eviri\"><span class=\"Y2IQFc\" lang=\"en\">With Aluminum Bead Bale Opener Wire Mesh As the bale opener mat of Tr\u00fctzschler, Reieter, Balkan brand machines and for opening cake molds from special production squeezing machines used.<\/span><\/h3>\n<p>&nbsp;<\/p>\n<h2><img decoding=\"async\" loading=\"lazy\" class=\"alignnone wp-image-3869 size-full\" src=\"http:\/\/gunelhasir.net\/wp-content\/uploads\/2021\/05\/a1010.jpg\" alt=\"aluminyum \u00e7\u0131tal\u0131 has\u0131r\" width=\"1440\" height=\"700\" srcset=\"https:\/\/gunelhasir.net\/wp-content\/uploads\/2021\/05\/a1010.jpg 1440w, https:\/\/gunelhasir.net\/wp-content\/uploads\/2021\/05\/a1010-300x146.jpg 300w, https:\/\/gunelhasir.net\/wp-content\/uploads\/2021\/05\/a1010-1024x498.jpg 1024w, https:\/\/gunelhasir.net\/wp-content\/uploads\/2021\/05\/a1010-768x373.jpg 768w\" sizes=\"(max-width: 1440px) 100vw, 1440px\" \/><\/h2>","protected":false},"excerpt":{"rendered":"<p>With Aluminum Bead Bale Opener Wire Mesh As the bale opener mat of Tr\u00fctzschler, Reieter, Balkan brand machines and for opening cake molds from special production squeezing machines used. &nbsp;<\/p>\n","protected":false},"author":1,"featured_media":3619,"parent":0,"menu_order":0,"comment_status":"closed","ping_status":"closed","template":"templates\/page-fullwidth_template.php","meta":{"_joinchat":[]},"_links":{"self":[{"href":"https:\/\/gunelhasir.net\/en\/wp-json\/wp\/v2\/pages\/3406"}],"collection":[{"href":"https:\/\/gunelhasir.net\/en\/wp-json\/wp\/v2\/pages"}],"about":[{"href":"https:\/\/gunelhasir.net\/en\/wp-json\/wp\/v2\/types\/page"}],"author":[{"embeddable":true,"href":"https:\/\/gunelhasir.net\/en\/wp-json\/wp\/v2\/users\/1"}],"replies":[{"embeddable":true,"href":"https:\/\/gunelhasir.net\/en\/wp-json\/wp\/v2\/comments?post=3406"}],"version-history":[{"count":19,"href":"https:\/\/gunelhasir.net\/en\/wp-json\/wp\/v2\/pages\/3406\/revisions"}],"predecessor-version":[{"id":4164,"href":"https:\/\/gunelhasir.net\/en\/wp-json\/wp\/v2\/pages\/3406\/revisions\/4164"}],"wp:featuredmedia":[{"embeddable":true,"href":"https:\/\/gunelhasir.net\/en\/wp-json\/wp\/v2\/media\/3619"}],"wp:attachment":[{"href":"https:\/\/gunelhasir.net\/en\/wp-json\/wp\/v2\/media?parent=3406"}],"curies":[{"name":"wp","href":"https:\/\/api.w.org\/{rel}","templated":true}]}}